{"id":11,"date":"2026-04-16T09:30:30","date_gmt":"2026-04-16T09:30:30","guid":{"rendered":"https:\/\/dgew.christianking.de\/?page_id=11"},"modified":"2026-04-17T08:54:43","modified_gmt":"2026-04-17T08:54:43","slug":"die-dgew","status":"publish","type":"page","link":"https:\/\/dgew.christianking.de\/","title":{"rendered":"Die DGEW"},"content":{"rendered":"\t\t<div data-elementor-type=\"wp-page\" data-elementor-id=\"11\" class=\"elementor elementor-11\" data-elementor-post-type=\"page\">\n\t\t\t\t<div class=\"elementor-element elementor-element-c1e1867 e-flex e-con-boxed e-con e-parent\" data-id=\"c1e1867\" data-element_type=\"container\" data-e-type=\"container\">\n\t\t\t\t\t<div class=\"e-con-inner\">\n\t\t\t\t<div class=\"elementor-element elementor-element-5ac3d3b elementor-widget elementor-widget-text-editor\" data-id=\"5ac3d3b\" data-element_type=\"widget\" data-e-type=\"widget\" data-widget_type=\"text-editor.default\">\n\t\t\t\t\t\t\t\t\t<p>\u2013\u2013\u2013 Gegr\u00fcndet 2018<\/p>\t\t\t\t\t\t\t\t<\/div>\n\t\t\t\t<div class=\"elementor-element elementor-element-f805cad elementor-widget elementor-widget-heading\" data-id=\"f805cad\" data-element_type=\"widget\" data-e-type=\"widget\" data-widget_type=\"heading.default\">\n\t\t\t\t\t<h1 class=\"elementor-heading-title elementor-size-default\">Wissenschaft<br \/>\nin der <span class=\"text-highlight\">Ergotherapie<\/span>.<\/h1>\t\t\t\t<\/div>\n\t\t\t\t<div class=\"elementor-element elementor-element-751c86e elementor-widget elementor-widget-text-editor\" data-id=\"751c86e\" data-element_type=\"widget\" data-e-type=\"widget\" data-widget_type=\"text-editor.default\">\n\t\t\t\t\t\t\t\t\t<p>Wissenschaftliche Fachgesellschaft der Ergotherapie in Deutschland \u2013 f\u00fcr Forschung, akademische Lehre und evidenzbasierte Praxis.<\/p>\t\t\t\t\t\t\t\t<\/div>\n\t\t\t\t\t<\/div>\n\t\t\t\t<\/div>\n\t\t<div class=\"elementor-element elementor-element-3595ffe e-flex e-con-boxed e-con e-parent\" data-id=\"3595ffe\" data-element_type=\"container\" data-e-type=\"container\" data-settings=\"{&quot;background_background&quot;:&quot;classic&quot;}\">\n\t\t\t\t\t<div class=\"e-con-inner\">\n\t\t<div class=\"elementor-element elementor-element-8951afe e-con-full e-flex e-con e-child\" data-id=\"8951afe\" data-element_type=\"container\" data-e-type=\"container\" data-settings=\"{&quot;sticky&quot;:&quot;top&quot;,&quot;sticky_parent&quot;:&quot;yes&quot;,&quot;sticky_offset&quot;:100,&quot;sticky_on&quot;:[&quot;desktop&quot;,&quot;tablet&quot;,&quot;mobile&quot;],&quot;sticky_effects_offset&quot;:0,&quot;sticky_anchor_link_offset&quot;:0}\">\n\t\t\t\t\t\t\t<h2 \n\t\tdata-interaction-id=\"9485094\" \n\t\tclass=\"h2-heading e-heading-base\" \n\t\t \n\t\tdata-e-type=\"widget\" data-id=\"9485094\"\n\t>\n\t\n\t\t\tDie DGEW\n\t\t<\/h2>\n\t\t\t\t<\/div>\n\t\t<div class=\"elementor-element elementor-element-671971d e-con-full e-flex e-con e-child\" data-id=\"671971d\" data-element_type=\"container\" data-e-type=\"container\">\n\t\t\t\t\t\t\t\t<p class=\"paragraph-into e-paragraph-base\" data-interaction-id=\"cb1aeca\"  data-e-type=\"widget\" data-id=\"cb1aeca\">\n\t\t\t\t\t\t\t\tEin Zusammenschluss von Wissenschaftler:innen der Ergotherapie aus Forschung, akademischer Lehre und Praxis.\n\t\t\t\t\t<\/p>\n\t\t\t\t\t\t\t\t<p class=\"e-65449a7-0c28d4b e-paragraph-base\" data-interaction-id=\"65449a7\"  data-e-type=\"widget\" data-id=\"65449a7\">\n\t\t\t\t\t\t\t\tDie DGEW wurde im November 2018 in Berlin gegr\u00fcndet, um wissenschafts- und forschungspolitische Interessen der Ergotherapie durch legitimierte Sprecher:innen gegen\u00fcber der Gesundheitspolitik, Praxis und Gesellschaft zu vertreten.Neben der wissenschaftlichen Interessensvertretung nach au\u00dfen ist der Fachgesellschaft der innerwissenschaftliche Diskurs ein Anliegen, den sie f\u00f6rdert, unterst\u00fctzt und vorantreibt. Sie f\u00f6rdert die Verbreitung ergotherapiewissenschaftlicher Erkenntnisse und deren Umsetzung in die evidenzbasierte Versorgungsroutine.\n\t\t\t\t\t<\/p>\n\t\t\t\t<\/div>\n\t\t\t\t\t<\/div>\n\t\t\t\t<\/div>\n\t\t<div class=\"elementor-element elementor-element-ee438bd e-flex e-con-boxed e-con e-parent\" data-id=\"ee438bd\" data-element_type=\"container\" data-e-type=\"container\" data-settings=\"{&quot;background_background&quot;:&quot;classic&quot;}\">\n\t\t\t\t\t<div class=\"e-con-inner\">\n\t\t<div class=\"elementor-element elementor-element-e9e3c4a e-con-full e-flex e-con e-child\" data-id=\"e9e3c4a\" data-element_type=\"container\" data-e-type=\"container\">\n\t\t\t\t\t\t\t<h2 \n\t\tdata-interaction-id=\"2d22222\" \n\t\tclass=\"h2-heading e-heading-base\" \n\t\t \n\t\tdata-e-type=\"widget\" data-id=\"2d22222\"\n\t>\n\t\n\t\t\tUnsere Ziele\n\t\t<\/h2>\n\t\t\t\t<\/div>\n\t\t<div class=\"elementor-element elementor-element-853979d e-con-full e-flex e-con e-child\" data-id=\"853979d\" data-element_type=\"container\" data-e-type=\"container\">\n\t\t<div class=\"elementor-element elementor-element-5d0bd8e e-con-full e-flex e-con e-child\" data-id=\"5d0bd8e\" data-element_type=\"container\" data-e-type=\"container\" data-settings=\"{&quot;background_background&quot;:&quot;classic&quot;}\">\n\t\t\t\t\t\t\t\n\t\t<img class=\"e-image-base \" \n\t\t\t\t\tdata-interaction-id=\"a49e9ef\" \n\t\t \n\t\t data-e-type=\"widget\" data-id=\"a49e9ef\"\n\t\t\t\t\t\t\t\t\tsrc=\"https:\/\/dgew.christianking.de\/wp-content\/plugins\/elementor\/assets\/images\/placeholder-v4.svg\"\n\t\t\t\t\t\t\/>\n\t\t\t\t\t\t\t\t<h3 \n\t\tdata-interaction-id=\"ff3d0c6\" \n\t\tclass=\"h3-card-heading e-heading-base\" \n\t\t \n\t\tdata-e-type=\"widget\" data-id=\"ff3d0c6\"\n\t>\n\t\n\t\t\tThis is a title\n\t\t<\/h3>\n\t\t\t\t\t\t\t\t<p class=\"card-paragraph e-paragraph-base\" data-interaction-id=\"de93d4f\"  data-e-type=\"widget\" data-id=\"de93d4f\">\n\t\t\t\t\t\t\t\tF\u00f6rderung des wissenschaftlichen Diskurses unter Forscher:innen \u2014 national und international.\n\t\t\t\t\t<\/p>\n\t\t\t\t<\/div>\n\t\t\t\t<\/div>\n\t\t<div class=\"elementor-element elementor-element-f1e29bb e-con-full e-flex e-con e-child\" data-id=\"f1e29bb\" data-element_type=\"container\" data-e-type=\"container\">\n\t\t<div class=\"elementor-element elementor-element-70fc1a4 e-con-full e-flex e-con e-child\" data-id=\"70fc1a4\" data-element_type=\"container\" data-e-type=\"container\" data-settings=\"{&quot;background_background&quot;:&quot;classic&quot;}\">\n\t\t\t\t<\/div>\n\t\t\t\t<\/div>\n\t\t<div class=\"elementor-element elementor-element-d6c5cde e-con-full e-flex e-con e-child\" data-id=\"d6c5cde\" data-element_type=\"container\" data-e-type=\"container\">\n\t\t\t\t<\/div>\n\t\t<div class=\"elementor-element elementor-element-b97e57d e-con-full e-flex e-con e-child\" data-id=\"b97e57d\" data-element_type=\"container\" data-e-type=\"container\">\n\t\t\t\t<\/div>\n\t\t<div class=\"elementor-element elementor-element-d539338 e-con-full e-flex e-con e-child\" data-id=\"d539338\" data-element_type=\"container\" data-e-type=\"container\">\n\t\t\t\t<\/div>\n\t\t<div class=\"elementor-element elementor-element-4a2f2bb e-con-full e-flex e-con e-child\" data-id=\"4a2f2bb\" data-element_type=\"container\" data-e-type=\"container\">\n\t\t\t\t<\/div>\n\t\t\t\t\t<\/div>\n\t\t\t\t<\/div>\n\t\t<div class=\"elementor-element elementor-element-399e163 e-flex e-con-boxed e-con e-parent\" data-id=\"399e163\" data-element_type=\"container\" data-e-type=\"container\" data-settings=\"{&quot;background_background&quot;:&quot;classic&quot;}\">\n\t\t\t\t\t<div class=\"e-con-inner\">\n\t\t<div class=\"elementor-element elementor-element-b84059a e-con-full e-flex e-con e-child\" data-id=\"b84059a\" data-element_type=\"container\" data-e-type=\"container\">\n\t\t\t\t\t\t\t<h2 \n\t\tdata-interaction-id=\"d323994\" \n\t\tclass=\"h2-heading e-heading-base\" \n\t\t \n\t\tdata-e-type=\"widget\" data-id=\"d323994\"\n\t>\n\t\n\t\t\tAktuelles\n\t\t<\/h2>\n\t\t\t\t<\/div>\n\t\t<div class=\"elementor-element elementor-element-f00be90 e-con-full e-flex e-con e-child\" data-id=\"f00be90\" data-element_type=\"container\" data-e-type=\"container\">\n\t\t<div class=\"elementor-element elementor-element-b82fcf7 e-con-full e-flex e-con e-child\" data-id=\"b82fcf7\" data-element_type=\"container\" data-e-type=\"container\" data-settings=\"{&quot;background_background&quot;:&quot;classic&quot;}\">\n\t\t\t\t<\/div>\n\t\t\t\t<\/div>\n\t\t<div class=\"elementor-element elementor-element-efac04e e-con-full e-flex e-con e-child\" data-id=\"efac04e\" data-element_type=\"container\" data-e-type=\"container\">\n\t\t\t\t<div class=\"elementor-element elementor-element-ad179c5 elementor-grid-1 elementor-grid-tablet-2 elementor-grid-mobile-1 elementor-widget elementor-widget-loop-grid\" data-id=\"ad179c5\" data-element_type=\"widget\" data-e-type=\"widget\" data-settings=\"{&quot;template_id&quot;:1538,&quot;columns&quot;:1,&quot;row_gap&quot;:{&quot;unit&quot;:&quot;px&quot;,&quot;size&quot;:0,&quot;sizes&quot;:[]},&quot;_skin&quot;:&quot;post&quot;,&quot;columns_tablet&quot;:&quot;2&quot;,&quot;columns_mobile&quot;:&quot;1&quot;,&quot;edit_handle_selector&quot;:&quot;[data-elementor-type=\\&quot;loop-item\\&quot;]&quot;,&quot;row_gap_tablet&quot;:{&quot;unit&quot;:&quot;px&quot;,&quot;size&quot;:&quot;&quot;,&quot;sizes&quot;:[]},&quot;row_gap_mobile&quot;:{&quot;unit&quot;:&quot;px&quot;,&quot;size&quot;:&quot;&quot;,&quot;sizes&quot;:[]}}\" data-widget_type=\"loop-grid.post\">\n\t\t\t\t<div class=\"elementor-widget-container\">\n\t\t\t\t\t\t\t<div class=\"elementor-loop-container elementor-grid\" role=\"list\">\n\t\t<style id=\"loop-1538\">.elementor-1538 .elementor-element.elementor-element-bea5245{--display:flex;--flex-direction:row;--container-widget-width:initial;--container-widget-height:100%;--container-widget-flex-grow:1;--container-widget-align-self:stretch;--flex-wrap-mobile:wrap;--gap:0px 0px;--row-gap:0px;--column-gap:0px;--flex-wrap:wrap;border-style:solid;--border-style:solid;border-width:0px 0px 1px 0px;--border-top-width:0px;--border-right-width:0px;--border-bottom-width:1px;--border-left-width:0px;border-color:var( --e-global-color-9848be3 );--border-color:var( --e-global-color-9848be3 );--padding-top:20px;--padding-bottom:20px;--padding-left:15px;--padding-right:15px;}.elementor-1538 .elementor-element.elementor-element-bea5245:not(.elementor-motion-effects-element-type-background), .elementor-1538 .elementor-element.elementor-element-bea5245 > .elementor-motion-effects-container > .elementor-motion-effects-layer{background-color:#FFFFFF;}.elementor-1538 .elementor-element.elementor-element-c7f496d{--display:flex;--flex-direction:column;--container-widget-width:100%;--container-widget-height:initial;--container-widget-flex-grow:0;--container-widget-align-self:initial;--flex-wrap-mobile:wrap;--justify-content:center;}.elementor-1538 .elementor-element.elementor-element-ac7aa3e{text-align:start;font-family:\"Inter\", Sans-serif;font-size:0.6rem;font-weight:300;text-transform:uppercase;color:var( --e-global-color-primary );margin:0px 0px calc(var(--kit-widget-spacing, 0px) + 0px) 0px;padding:2px 12px 2px 12px;background-color:#00687838;border-radius:25px 25px 25px 25px;}.elementor-1538 .elementor-element.elementor-element-ac7aa3e .elementor-drop-cap{margin-inline-end:10px;}.elementor-1538 .elementor-element.elementor-element-ac7aa3e.elementor-element{--align-self:flex-start;}.elementor-1538 .elementor-element.elementor-element-3fae14f{--display:flex;--justify-content:center;--flex-wrap:wrap;}.elementor-1538 .elementor-element.elementor-element-d5489ee{text-align:end;font-size:0.8rem;}.elementor-1538 .elementor-element.elementor-element-e279230{--display:flex;}.elementor-1538 .elementor-element.elementor-element-1a0fda0 .elementor-heading-title{font-family:\"Newsreader\", Sans-serif;font-size:1.2rem;}@media(min-width:768px){.elementor-1538 .elementor-element.elementor-element-c7f496d{--width:60%;}.elementor-1538 .elementor-element.elementor-element-3fae14f{--width:40%;}}<\/style>\t\t<div data-elementor-type=\"loop-item\" data-elementor-id=\"1538\" class=\"elementor elementor-1538 e-loop-item e-loop-item-1476 post-1476 post type-post status-publish format-standard hentry category-allgemein\" data-elementor-post-type=\"elementor_library\" data-custom-edit-handle=\"1\">\n\t\t\t<a class=\"eael-wrapper-link-bea5245 --eael-wrapper-link-tag\" href=\"https:\/\/dgew.christianking.de\/?p=1476\"><\/a><div data-eael-wrapper-link=\"eael-wrapper-link-bea5245\" class=\"elementor-element elementor-element-bea5245 e-flex e-con-boxed e-con e-parent\" data-id=\"bea5245\" data-element_type=\"container\" data-e-type=\"container\" data-settings=\"{&quot;background_background&quot;:&quot;classic&quot;}\">\n\t\t\t\t\t<div class=\"e-con-inner\">\n\t\t<div class=\"elementor-element elementor-element-c7f496d e-con-full e-flex e-con e-child\" data-id=\"c7f496d\" data-element_type=\"container\" data-e-type=\"container\">\n\t\t\t\t<div class=\"elementor-element elementor-element-ac7aa3e elementor-drop-cap-yes elementor-drop-cap-view-default elementor-widget elementor-widget-text-editor\" data-id=\"ac7aa3e\" data-element_type=\"widget\" data-e-type=\"widget\" data-settings=\"{&quot;drop_cap&quot;:&quot;yes&quot;}\" data-widget_type=\"text-editor.default\">\n\t\t\t\t\t\t\t\t\t<span>Allgemein<\/span>\t\t\t\t\t\t\t\t<\/div>\n\t\t\t\t<\/div>\n\t\t<div class=\"elementor-element elementor-element-3fae14f e-con-full e-flex e-con e-child\" data-id=\"3fae14f\" data-element_type=\"container\" data-e-type=\"container\">\n\t\t\t\t<div class=\"elementor-element elementor-element-d5489ee elementor-widget elementor-widget-text-editor\" data-id=\"d5489ee\" data-element_type=\"widget\" data-e-type=\"widget\" data-widget_type=\"text-editor.default\">\n\t\t\t\t\t\t\t\t\tApril 2, 2026\t\t\t\t\t\t\t\t<\/div>\n\t\t\t\t<\/div>\n\t\t<div class=\"elementor-element elementor-element-e279230 e-con-full e-flex e-con e-child\" data-id=\"e279230\" data-element_type=\"container\" data-e-type=\"container\">\n\t\t\t\t<div class=\"elementor-element elementor-element-1a0fda0 elementor-widget elementor-widget-theme-post-title elementor-page-title elementor-widget-heading\" data-id=\"1a0fda0\" data-element_type=\"widget\" data-e-type=\"widget\" data-widget_type=\"theme-post-title.default\">\n\t\t\t\t\t<h1 class=\"elementor-heading-title elementor-size-default\">DGPPN-Preis Pflege- und Gesundheitsfachberufe<\/h1>\t\t\t\t<\/div>\n\t\t\t\t<\/div>\n\t\t\t\t\t<\/div>\n\t\t\t\t<\/div>\n\t\t\t\t<\/div>\n\t\t\t\t<div data-elementor-type=\"loop-item\" data-elementor-id=\"1538\" class=\"elementor elementor-1538 e-loop-item e-loop-item-1474 post-1474 post type-post status-publish format-standard hentry category-stellenanzeigen\" data-elementor-post-type=\"elementor_library\" data-custom-edit-handle=\"1\">\n\t\t\t<a class=\"eael-wrapper-link-bea5245 --eael-wrapper-link-tag\" href=\"https:\/\/dgew.christianking.de\/?p=1474\"><\/a><div data-eael-wrapper-link=\"eael-wrapper-link-bea5245\" class=\"elementor-element elementor-element-bea5245 e-flex e-con-boxed e-con e-parent\" data-id=\"bea5245\" data-element_type=\"container\" data-e-type=\"container\" data-settings=\"{&quot;background_background&quot;:&quot;classic&quot;}\">\n\t\t\t\t\t<div class=\"e-con-inner\">\n\t\t<div class=\"elementor-element elementor-element-c7f496d e-con-full e-flex e-con e-child\" data-id=\"c7f496d\" data-element_type=\"container\" data-e-type=\"container\">\n\t\t\t\t<div class=\"elementor-element elementor-element-ac7aa3e elementor-drop-cap-yes elementor-drop-cap-view-default elementor-widget elementor-widget-text-editor\" data-id=\"ac7aa3e\" data-element_type=\"widget\" data-e-type=\"widget\" data-settings=\"{&quot;drop_cap&quot;:&quot;yes&quot;}\" data-widget_type=\"text-editor.default\">\n\t\t\t\t\t\t\t\t\t<span>Stellenanzeigen<\/span>\t\t\t\t\t\t\t\t<\/div>\n\t\t\t\t<\/div>\n\t\t<div class=\"elementor-element elementor-element-3fae14f e-con-full e-flex e-con e-child\" data-id=\"3fae14f\" data-element_type=\"container\" data-e-type=\"container\">\n\t\t\t\t<div class=\"elementor-element elementor-element-d5489ee elementor-widget elementor-widget-text-editor\" data-id=\"d5489ee\" data-element_type=\"widget\" data-e-type=\"widget\" data-widget_type=\"text-editor.default\">\n\t\t\t\t\t\t\t\t\tApril 2, 2026\t\t\t\t\t\t\t\t<\/div>\n\t\t\t\t<\/div>\n\t\t<div class=\"elementor-element elementor-element-e279230 e-con-full e-flex e-con e-child\" data-id=\"e279230\" data-element_type=\"container\" data-e-type=\"container\">\n\t\t\t\t<div class=\"elementor-element elementor-element-1a0fda0 elementor-widget elementor-widget-theme-post-title elementor-page-title elementor-widget-heading\" data-id=\"1a0fda0\" data-element_type=\"widget\" data-e-type=\"widget\" data-widget_type=\"theme-post-title.default\">\n\t\t\t\t\t<h1 class=\"elementor-heading-title elementor-size-default\">Wissenschaftliche Mitarbeiter*innen gesucht<\/h1>\t\t\t\t<\/div>\n\t\t\t\t<\/div>\n\t\t\t\t\t<\/div>\n\t\t\t\t<\/div>\n\t\t\t\t<\/div>\n\t\t\t\t<div data-elementor-type=\"loop-item\" data-elementor-id=\"1538\" class=\"elementor elementor-1538 e-loop-item e-loop-item-1472 post-1472 post type-post status-publish format-standard hentry category-allgemein\" data-elementor-post-type=\"elementor_library\" data-custom-edit-handle=\"1\">\n\t\t\t<a class=\"eael-wrapper-link-bea5245 --eael-wrapper-link-tag\" href=\"https:\/\/dgew.christianking.de\/?p=1472\"><\/a><div data-eael-wrapper-link=\"eael-wrapper-link-bea5245\" class=\"elementor-element elementor-element-bea5245 e-flex e-con-boxed e-con e-parent\" data-id=\"bea5245\" data-element_type=\"container\" data-e-type=\"container\" data-settings=\"{&quot;background_background&quot;:&quot;classic&quot;}\">\n\t\t\t\t\t<div class=\"e-con-inner\">\n\t\t<div class=\"elementor-element elementor-element-c7f496d e-con-full e-flex e-con e-child\" data-id=\"c7f496d\" data-element_type=\"container\" data-e-type=\"container\">\n\t\t\t\t<div class=\"elementor-element elementor-element-ac7aa3e elementor-drop-cap-yes elementor-drop-cap-view-default elementor-widget elementor-widget-text-editor\" data-id=\"ac7aa3e\" data-element_type=\"widget\" data-e-type=\"widget\" data-settings=\"{&quot;drop_cap&quot;:&quot;yes&quot;}\" data-widget_type=\"text-editor.default\">\n\t\t\t\t\t\t\t\t\t<span>Allgemein<\/span>\t\t\t\t\t\t\t\t<\/div>\n\t\t\t\t<\/div>\n\t\t<div class=\"elementor-element elementor-element-3fae14f e-con-full e-flex e-con e-child\" data-id=\"3fae14f\" data-element_type=\"container\" data-e-type=\"container\">\n\t\t\t\t<div class=\"elementor-element elementor-element-d5489ee elementor-widget elementor-widget-text-editor\" data-id=\"d5489ee\" data-element_type=\"widget\" data-e-type=\"widget\" data-widget_type=\"text-editor.default\">\n\t\t\t\t\t\t\t\t\tApril 2, 2026\t\t\t\t\t\t\t\t<\/div>\n\t\t\t\t<\/div>\n\t\t<div class=\"elementor-element elementor-element-e279230 e-con-full e-flex e-con e-child\" data-id=\"e279230\" data-element_type=\"container\" data-e-type=\"container\">\n\t\t\t\t<div class=\"elementor-element elementor-element-1a0fda0 elementor-widget elementor-widget-theme-post-title elementor-page-title elementor-widget-heading\" data-id=\"1a0fda0\" data-element_type=\"widget\" data-e-type=\"widget\" data-widget_type=\"theme-post-title.default\">\n\t\t\t\t\t<h1 class=\"elementor-heading-title elementor-size-default\">W2-Professur f\u00fcr Ergotherapie (50%)<\/h1>\t\t\t\t<\/div>\n\t\t\t\t<\/div>\n\t\t\t\t\t<\/div>\n\t\t\t\t<\/div>\n\t\t\t\t<\/div>\n\t\t\t\t<div data-elementor-type=\"loop-item\" data-elementor-id=\"1538\" class=\"elementor elementor-1538 e-loop-item e-loop-item-1441 post-1441 post type-post status-publish format-standard hentry category-allgemein\" data-elementor-post-type=\"elementor_library\" data-custom-edit-handle=\"1\">\n\t\t\t<a class=\"eael-wrapper-link-bea5245 --eael-wrapper-link-tag\" href=\"https:\/\/dgew.christianking.de\/?p=1441\"><\/a><div data-eael-wrapper-link=\"eael-wrapper-link-bea5245\" class=\"elementor-element elementor-element-bea5245 e-flex e-con-boxed e-con e-parent\" data-id=\"bea5245\" data-element_type=\"container\" data-e-type=\"container\" data-settings=\"{&quot;background_background&quot;:&quot;classic&quot;}\">\n\t\t\t\t\t<div class=\"e-con-inner\">\n\t\t<div class=\"elementor-element elementor-element-c7f496d e-con-full e-flex e-con e-child\" data-id=\"c7f496d\" data-element_type=\"container\" data-e-type=\"container\">\n\t\t\t\t<div class=\"elementor-element elementor-element-ac7aa3e elementor-drop-cap-yes elementor-drop-cap-view-default elementor-widget elementor-widget-text-editor\" data-id=\"ac7aa3e\" data-element_type=\"widget\" data-e-type=\"widget\" data-settings=\"{&quot;drop_cap&quot;:&quot;yes&quot;}\" data-widget_type=\"text-editor.default\">\n\t\t\t\t\t\t\t\t\t<span>Allgemein<\/span>\t\t\t\t\t\t\t\t<\/div>\n\t\t\t\t<\/div>\n\t\t<div class=\"elementor-element elementor-element-3fae14f e-con-full e-flex e-con e-child\" data-id=\"3fae14f\" data-element_type=\"container\" data-e-type=\"container\">\n\t\t\t\t<div class=\"elementor-element elementor-element-d5489ee elementor-widget elementor-widget-text-editor\" data-id=\"d5489ee\" data-element_type=\"widget\" data-e-type=\"widget\" data-widget_type=\"text-editor.default\">\n\t\t\t\t\t\t\t\t\tFebruary 2, 2026\t\t\t\t\t\t\t\t<\/div>\n\t\t\t\t<\/div>\n\t\t<div class=\"elementor-element elementor-element-e279230 e-con-full e-flex e-con e-child\" data-id=\"e279230\" data-element_type=\"container\" data-e-type=\"container\">\n\t\t\t\t<div class=\"elementor-element elementor-element-1a0fda0 elementor-widget elementor-widget-theme-post-title elementor-page-title elementor-widget-heading\" data-id=\"1a0fda0\" data-element_type=\"widget\" data-e-type=\"widget\" data-widget_type=\"theme-post-title.default\">\n\t\t\t\t\t<h1 class=\"elementor-heading-title elementor-size-default\">Professur f\u00fcr Ergotherapie<\/h1>\t\t\t\t<\/div>\n\t\t\t\t<\/div>\n\t\t\t\t\t<\/div>\n\t\t\t\t<\/div>\n\t\t\t\t<\/div>\n\t\t\t\t<\/div>\n\t\t\n\t\t\t\t\t\t<\/div>\n\t\t\t\t<\/div>\n\t\t\t\t<\/div>\n\t\t\t\t\t<\/div>\n\t\t\t\t<\/div>\n\t\t\t\t<div class=\"elementor-element elementor-element-f10da2d e-con e-atomic-element e-flexbox-base e-f10da2d-67f4ede\" data-id=\"f10da2d\" data-element_type=\"e-flexbox\" data-e-type=\"e-flexbox\" data-interaction-id=\"f10da2d\" data-e-type=\"e-flexbox\" data-id=\"f10da2d\">\n\t\t\t\t<div class=\"elementor-element elementor-element-27d7009 e-con e-atomic-element e-div-block-base e-27d7009-abc2a05\" data-id=\"27d7009\" data-element_type=\"e-div-block\" data-e-type=\"e-div-block\" data-interaction-id=\"27d7009\" data-e-type=\"e-div-block\" data-id=\"27d7009\">\n\t\t\t\t<\/div>\n\t\t\t\t<div class=\"elementor-element elementor-element-0381f72 e-con e-atomic-element e-div-block-base e-0381f72-fd29026\" data-id=\"0381f72\" data-element_type=\"e-div-block\" data-e-type=\"e-div-block\" data-interaction-id=\"0381f72\" data-e-type=\"e-div-block\" data-id=\"0381f72\">\n\t\t\t\t<\/div>\n\t\t\t\t<\/div>\n\t\t\t\t<\/div>\n\t\t","protected":false},"excerpt":{"rendered":"<p>\u2013\u2013\u2013 Gegr\u00fcndet 2018 Wissenschaft in der Ergotherapie. Wissenschaftliche Fachgesellschaft der Ergotherapie in Deutschland \u2013 f\u00fcr Forschung, akademische Lehre und evidenzbasierte Praxis. Die DGEW Ein Zusammenschluss von Wissenschaftler:innen der Ergotherapie aus Forschung, akademischer Lehre und Praxis. Die DGEW wurde im November 2018 in Berlin gegr\u00fcndet, um wissenschafts- und forschungspolitische Interessen der Ergotherapie durch legitimierte Sprecher:innen gegen\u00fcber [&hellip;]<\/p>\n","protected":false},"author":1,"featured_media":0,"parent":0,"menu_order":0,"comment_status":"closed","ping_status":"closed","template":"elementor_header_footer","meta":{"footnotes":""},"class_list":["post-11","page","type-page","status-publish","hentry"],"_links":{"self":[{"href":"https:\/\/dgew.christianking.de\/index.php?rest_route=\/wp\/v2\/pages\/11","targetHints":{"allow":["GET"]}}],"collection":[{"href":"https:\/\/dgew.christianking.de\/index.php?rest_route=\/wp\/v2\/pages"}],"about":[{"href":"https:\/\/dgew.christianking.de\/index.php?rest_route=\/wp\/v2\/types\/page"}],"author":[{"embeddable":true,"href":"https:\/\/dgew.christianking.de\/index.php?rest_route=\/wp\/v2\/users\/1"}],"replies":[{"embeddable":true,"href":"https:\/\/dgew.christianking.de\/index.php?rest_route=%2Fwp%2Fv2%2Fcomments&post=11"}],"version-history":[{"count":70,"href":"https:\/\/dgew.christianking.de\/index.php?rest_route=\/wp\/v2\/pages\/11\/revisions"}],"predecessor-version":[{"id":1571,"href":"https:\/\/dgew.christianking.de\/index.php?rest_route=\/wp\/v2\/pages\/11\/revisions\/1571"}],"wp:attachment":[{"href":"https:\/\/dgew.christianking.de\/index.php?rest_route=%2Fwp%2Fv2%2Fmedia&parent=11"}],"curies":[{"name":"wp","href":"https:\/\/api.w.org\/{rel}","templated":true}]}}